{"id":6,"date":"2016-11-07T04:04:52","date_gmt":"2016-11-07T04:04:52","guid":{"rendered":"https:\/\/avadawebsites.wpengine.com\/veterinarian\/?page_id=6"},"modified":"2025-01-24T17:38:29","modified_gmt":"2025-01-24T14:38:29","slug":"hakkimizda","status":"publish","type":"page","link":"https:\/\/pinarkaro.com\/tr\/hakkimizda\/","title":{"rendered":"Hakk\u0131m\u0131zda"},"content":{"rendered":"<p><div class=\"fusion-fullwidth fullwidth-box fusion-builder-row-1 fusion-flex-container hundred-percent-fullwidth non-hundred-percent-height-scrolling\" style=\"--awb-border-radius-top-left:0px;--awb-border-radius-top-right:0px;--awb-border-radius-bottom-right:0px;--awb-border-radius-bottom-left:0px;--awb-padding-top:0px;--awb-padding-right:0px;--awb-padding-bottom:0px;--awb-padding-left:0px;--awb-margin-top:0px;--awb-flex-wrap:wrap;\" ><div class=\"fusion-builder-row fusion-row fusion-flex-align-items-flex-start fusion-flex-content-wrap\" style=\"width:104% !important;max-width:104% !important;margin-left: calc(-4% \/ 2 );margin-right: calc(-4% \/ 2 );\"><div class=\"fusion-layout-column fusion_builder_column fusion-builder-column-0 fusion_builder_column_1_1 1_1 fusion-flex-column\" style=\"--awb-bg-blend:overlay;--awb-bg-size:cover;--awb-width-large:100%;--awb-margin-top-large:-60px;--awb-spacing-right-large:1.92%;--awb-margin-bottom-large:40px;--awb-spacing-left-large:1.92%;--awb-width-medium:100%;--awb-spacing-right-medium:1.92%;--awb-spacing-left-medium:1.92%;--awb-width-small:100%;--awb-spacing-right-small:1.92%;--awb-spacing-left-small:1.92%;\"><div class=\"fusion-column-wrapper fusion-flex-justify-content-flex-start fusion-content-layout-column\"><div class=\"fusion-section-separator section-separator rounded-split fusion-section-separator-1 rounded-split-separator\" style=\"--awb-spacer-height:71px;--awb-svg-margin-left:1.92%;--awb-svg-margin-right:1.92%;--awb-svg-margin-left-medium:1.92%;--awb-svg-margin-right-medium:1.92%;--awb-svg-margin-left-small:1.92%;--awb-svg-margin-right-small:1.92%;\"><div class=\"fusion-section-separator-svg\"><div class=\"rounded-split bottom\" style=\"background-color:var(--awb-color1);\"><\/div><\/div><div class=\"fusion-section-separator-spacer\"><div class=\"fusion-section-separator-spacer-height\"><\/div><\/div><\/div><\/div><\/div><\/div><\/div><div class=\"fusion-fullwidth fullwidth-box fusion-builder-row-2 fusion-flex-container nonhundred-percent-fullwidth non-hundred-percent-height-scrolling\" style=\"--awb-border-radius-top-left:0px;--awb-border-radius-top-right:0px;--awb-border-radius-bottom-right:0px;--awb-border-radius-bottom-left:0px;--awb-padding-bottom:75px;--awb-flex-wrap:wrap;\" ><div class=\"fusion-builder-row fusion-row fusion-flex-align-items-stretch fusion-flex-content-wrap\" style=\"max-width:1289.6px;margin-left: calc(-4% \/ 2 );margin-right: calc(-4% \/ 2 );\"><div class=\"fusion-layout-column fusion_builder_column fusion-builder-column-1 fusion_builder_column_1_2 1_2 fusion-flex-column\" style=\"--awb-padding-top:0px;--awb-padding-right:0px;--awb-padding-bottom:0px;--awb-padding-left:0px;--awb-bg-blend:overlay;--awb-bg-size:cover;--awb-width-large:50%;--awb-margin-top-large:0px;--awb-spacing-right-large:3.84%;--awb-margin-bottom-large:40px;--awb-spacing-left-large:3.84%;--awb-width-medium:100%;--awb-spacing-right-medium:1.92%;--awb-spacing-left-medium:1.92%;--awb-width-small:100%;--awb-spacing-right-small:1.92%;--awb-spacing-left-small:1.92%;\"><div class=\"fusion-column-wrapper fusion-flex-justify-content-center fusion-content-layout-column\"><div class=\"fusion-image-element \" style=\"text-align:left;--awb-caption-title-font-family:var(--h2_typography-font-family);--awb-caption-title-font-weight:var(--h2_typography-font-weight);--awb-caption-title-font-style:var(--h2_typography-font-style);--awb-caption-title-size:var(--h2_typography-font-size);--awb-caption-title-transform:var(--h2_typography-text-transform);--awb-caption-title-line-height:var(--h2_typography-line-height);--awb-caption-title-letter-spacing:var(--h2_typography-letter-spacing);\"><span class=\" fusion-imageframe imageframe-dropshadow imageframe-1 hover-type-none fusion-animated\" style=\"-webkit-box-shadow: 3px 3px 7px var(--awb-color5);box-shadow: 3px 3px 7px var(--awb-color5);\" data-animationType=\"fadeInLeft\" data-animationDuration=\"0.8\" data-animationOffset=\"top-into-view\"><img decoding=\"async\" width=\"657\" height=\"1000\" alt=\"Hakk\u0131m\u0131zda - Karo makinas\u0131\" src=\"https:\/\/pinarkaro.com\/tr\/wp-content\/uploads\/sites\/3\/2025\/01\/hakkimizda-mockup.jpg\" data-orig-src=\"https:\/\/pinarkaro.com\/tr\/wp-content\/uploads\/sites\/3\/2025\/01\/hakkimizda-mockup.jpg\" class=\"lazyload img-responsive wp-image-4143\" srcset=\"data:image\/svg+xml,%3Csvg%20xmlns%3D%27http%3A%2F%2Fwww.w3.org%2F2000%2Fsvg%27%20width%3D%27657%27%20height%3D%271000%27%20viewBox%3D%270%200%20657%201000%27%3E%3Crect%20width%3D%27657%27%20height%3D%271000%27%20fill-opacity%3D%220%22%2F%3E%3C%2Fsvg%3E\" data-srcset=\"https:\/\/pinarkaro.com\/tr\/wp-content\/uploads\/sites\/3\/2025\/01\/hakkimizda-mockup-200x304.jpg 200w, https:\/\/pinarkaro.com\/tr\/wp-content\/uploads\/sites\/3\/2025\/01\/hakkimizda-mockup-400x609.jpg 400w, https:\/\/pinarkaro.com\/tr\/wp-content\/uploads\/sites\/3\/2025\/01\/hakkimizda-mockup-600x913.jpg 600w, https:\/\/pinarkaro.com\/tr\/wp-content\/uploads\/sites\/3\/2025\/01\/hakkimizda-mockup.jpg 657w\" data-sizes=\"auto\" data-orig-sizes=\"(max-width: 1024px) 100vw, (max-width: 640px) 100vw, 600px\" data-orig- title=\"\"><\/span><\/div><\/div><\/div><div class=\"fusion-layout-column fusion_builder_column fusion-builder-column-2 fusion_builder_column_1_2 1_2 fusion-flex-column\" style=\"--awb-padding-right:30px;--awb-padding-left:60px;--awb-padding-right-medium:30px;--awb-padding-left-medium:0px;--awb-bg-blend:overlay;--awb-bg-size:cover;--awb-width-large:50%;--awb-margin-top-large:0px;--awb-spacing-right-large:3.84%;--awb-margin-bottom-large:40px;--awb-spacing-left-large:3.84%;--awb-width-medium:100%;--awb-spacing-right-medium:1.92%;--awb-spacing-left-medium:1.92%;--awb-width-small:100%;--awb-spacing-right-small:1.92%;--awb-spacing-left-small:1.92%;\"><div class=\"fusion-column-wrapper fusion-flex-justify-content-center fusion-content-layout-column\"><div class=\"fusion-text fusion-text-1\"><p>1974 y\u0131l\u0131nda Zeki Bozbola taraf\u0131ndan temelleri at\u0131lan P\u0131nar \u0130\u015f Makinalar\u0131, sekt\u00f6rdeki yolculu\u011funa k\u00fc\u00e7\u00fck bir at\u00f6lyede ba\u015flam\u0131\u015f ve y\u0131llar i\u00e7inde b\u00fcy\u00fcyerek alan\u0131nda \u00f6nc\u00fc bir firma haline gelmi\u015ftir. Firmam\u0131z sekt\u00f6rde b\u00fcy\u00fcme ve geli\u015fim faaliyetlerine 2023 y\u0131l\u0131 itibariyle P\u0131nar Karo Makinalar\u0131 \u00fcnvan\u0131yla devam etme karar\u0131 alm\u0131\u015ft\u0131r.<\/p>\n<p>Manuel tip karo makineleri \u00fcretimi ile 1974 y\u0131l\u0131nda ba\u015flayan bu ser\u00fcven, bug\u00fcn 2000 m\u00b2\u2019lik modern tesisimizde, 35 ki\u015filik deneyimli ekibimizle geli\u015ferek devam etmektedir.2017 y\u0131l\u0131 itibariyle ihracat\u0131m\u0131z ciromuzun %75\u2019ini olu\u015fturmaktad\u0131r ve Ortado\u011fu a\u011f\u0131rl\u0131kl\u0131 olmak \u00fczere 12\u2019den fazla \u00fclkeye ihracat\u0131m\u0131z devam etmektedir. Karo \u00fcretimi ile ilgili t\u00fcm makine ve ekipmanlar\u0131n tasar\u0131m\u0131 ve imalat\u0131 firmam\u0131zda profesyonel ekibimiz taraf\u0131ndan s\u00fcrd\u00fcr\u00fclmektedir.<\/p>\n<p>M\u00fc\u015fteri memnuniyetini \u00f6ncelik olarak benimseyen firmam\u0131z, uzaktan ak\u0131ll\u0131 operat\u00f6r program \u00e7\u00f6z\u00fcm hizmeti ile T\u00fcrkiye ve yurtd\u0131\u015f\u0131ndaki m\u00fc\u015fterilerimize h\u0131zl\u0131 ve etkili servis sunmaktad\u0131r. Hem geleneksel de\u011ferlerimize sahip \u00e7\u0131karak hem de modern teknolojileri entegre ederek, sekt\u00f6rdeki lider konumumuzu g\u00fc\u00e7lendirmeyi hedefliyoruz.<\/p>\n<\/div><div class=\"fusion-separator fusion-full-width-sep\" style=\"align-self: center;margin-left: auto;margin-right: auto;margin-top:20px;width:100%;\"><\/div><div class=\"fusion-image-element \" style=\"--awb-caption-title-font-family:var(--h2_typography-font-family);--awb-caption-title-font-weight:var(--h2_typography-font-weight);--awb-caption-title-font-style:var(--h2_typography-font-style);--awb-caption-title-size:var(--h2_typography-font-size);--awb-caption-title-transform:var(--h2_typography-text-transform);--awb-caption-title-line-height:var(--h2_typography-line-height);--awb-caption-title-letter-spacing:var(--h2_typography-letter-spacing);\"><span class=\" fusion-imageframe imageframe-none imageframe-2 hover-type-none\"><img decoding=\"async\" width=\"369\" height=\"44\" src=\"https:\/\/pinarkaro.com\/tr\/wp-content\/uploads\/sites\/3\/2024\/08\/Ercan-Bozbola-imza.png\" data-orig-src=\"https:\/\/pinarkaro.com\/tr\/wp-content\/uploads\/sites\/3\/2024\/08\/Ercan-Bozbola-imza.png\" class=\"lazyload img-responsive wp-image-2687\" srcset=\"data:image\/svg+xml,%3Csvg%20xmlns%3D%27http%3A%2F%2Fwww.w3.org%2F2000%2Fsvg%27%20width%3D%27369%27%20height%3D%2744%27%20viewBox%3D%270%200%20369%2044%27%3E%3Crect%20width%3D%27369%27%20height%3D%2744%27%20fill-opacity%3D%220%22%2F%3E%3C%2Fsvg%3E\" data-srcset=\"https:\/\/pinarkaro.com\/tr\/wp-content\/uploads\/sites\/3\/2024\/08\/Ercan-Bozbola-imza-200x24.png 200w, https:\/\/pinarkaro.com\/tr\/wp-content\/uploads\/sites\/3\/2024\/08\/Ercan-Bozbola-imza.png 369w\" data-sizes=\"auto\" data-orig-sizes=\"(max-width: 1024px) 100vw, (max-width: 640px) 100vw, 369px\" data-orig- alt=\"\" title=\"\"><\/span><\/div><div class=\"fusion-separator fusion-full-width-sep\" style=\"align-self: center;margin-left: auto;margin-right: auto;margin-top:10px;width:100%;\"><\/div><div class=\"fusion-text fusion-text-2\"><p style=\"font-size: 14px; color: var(--awb-color4); margin-bottom: 0;\">GENEL M\u00dcD\u00dcR &#8211; MAK\u0130NA M\u00dcHEND\u0130S\u0130<\/p>\n<\/div><\/div><\/div><\/div><\/div><\/p>\n","protected":false},"excerpt":{"rendered":"","protected":false},"author":1,"featured_media":0,"parent":0,"menu_order":0,"comment_status":"closed","ping_status":"closed","template":"100-width.php","meta":{"footnotes":""},"class_list":["post-6","page","type-page","status-publish","hentry"],"_links":{"self":[{"href":"https:\/\/pinarkaro.com\/tr\/wp-json\/wp\/v2\/pages\/6"}],"collection":[{"href":"https:\/\/pinarkaro.com\/tr\/wp-json\/wp\/v2\/pages"}],"about":[{"href":"https:\/\/pinarkaro.com\/tr\/wp-json\/wp\/v2\/types\/page"}],"author":[{"embeddable":true,"href":"https:\/\/pinarkaro.com\/tr\/wp-json\/wp\/v2\/users\/1"}],"replies":[{"embeddable":true,"href":"https:\/\/pinarkaro.com\/tr\/wp-json\/wp\/v2\/comments?post=6"}],"version-history":[{"count":40,"href":"https:\/\/pinarkaro.com\/tr\/wp-json\/wp\/v2\/pages\/6\/revisions"}],"predecessor-version":[{"id":4144,"href":"https:\/\/pinarkaro.com\/tr\/wp-json\/wp\/v2\/pages\/6\/revisions\/4144"}],"wp:attachment":[{"href":"https:\/\/pinarkaro.com\/tr\/wp-json\/wp\/v2\/media?parent=6"}],"curies":[{"name":"wp","href":"https:\/\/api.w.org\/{rel}","templated":true}]}}