{"id":2891,"date":"2024-08-29T10:42:42","date_gmt":"2024-08-29T07:42:42","guid":{"rendered":"https:\/\/pinarkaro.com\/tr\/?page_id=2891"},"modified":"2024-11-05T11:13:01","modified_gmt":"2024-11-05T08:13:01","slug":"is-sagligi-ve-guvenligi-politikasi","status":"publish","type":"page","link":"https:\/\/pinarkaro.com\/tr\/is-sagligi-ve-guvenligi-politikasi\/","title":{"rendered":"\u0130\u015f Sa\u011fl\u0131\u011f\u0131 Ve G\u00fcvenli\u011fi Politikas\u0131"},"content":{"rendered":"<p><div class=\"fusion-fullwidth fullwidth-box fusion-builder-row-1 fusion-flex-container has-pattern-background has-mask-background hundred-percent-fullwidth non-hundred-percent-height-scrolling\" style=\"--awb-border-radius-top-left:0px;--awb-border-radius-top-right:0px;--awb-border-radius-bottom-right:0px;--awb-border-radius-bottom-left:0px;--awb-padding-top:0px;--awb-padding-right:0px;--awb-padding-bottom:0px;--awb-padding-left:0px;--awb-margin-top:0px;--awb-flex-wrap:wrap;\" ><div class=\"fusion-builder-row fusion-row fusion-flex-align-items-flex-start fusion-flex-content-wrap\" style=\"width:104% !important;max-width:104% !important;margin-left: calc(-4% \/ 2 );margin-right: calc(-4% \/ 2 );\"><div class=\"fusion-layout-column fusion_builder_column fusion-builder-column-0 fusion_builder_column_1_1 1_1 fusion-flex-column\" style=\"--awb-bg-blend:overlay;--awb-bg-size:cover;--awb-width-large:100%;--awb-margin-top-large:-60px;--awb-spacing-right-large:1.92%;--awb-margin-bottom-large:40px;--awb-spacing-left-large:1.92%;--awb-width-medium:100%;--awb-order-medium:0;--awb-spacing-right-medium:1.92%;--awb-spacing-left-medium:1.92%;--awb-width-small:100%;--awb-order-small:0;--awb-spacing-right-small:1.92%;--awb-spacing-left-small:1.92%;\" data-scroll-devices=\"small-visibility,medium-visibility,large-visibility\"><div class=\"fusion-column-wrapper fusion-column-has-shadow fusion-flex-justify-content-flex-start fusion-content-layout-column\"><div class=\"fusion-section-separator section-separator rounded-split fusion-section-separator-1 rounded-split-separator\" style=\"--awb-spacer-height:71px;--awb-svg-margin-left:1.92%;--awb-svg-margin-right:1.92%;--awb-svg-margin-left-medium:1.92%;--awb-svg-margin-right-medium:1.92%;--awb-svg-margin-left-small:1.92%;--awb-svg-margin-right-small:1.92%;\"><div class=\"fusion-section-separator-svg\"><div class=\"rounded-split bottom\" style=\"background-color:var(--awb-color1);\"><\/div><\/div><div class=\"fusion-section-separator-spacer\"><div class=\"fusion-section-separator-spacer-height\"><\/div><\/div><\/div><\/div><\/div><\/div><\/div><div class=\"fusion-fullwidth fullwidth-box fusion-builder-row-2 fusion-flex-container has-pattern-background has-mask-background hundred-percent-fullwidth non-hundred-percent-height-scrolling\" style=\"--awb-border-radius-top-left:0px;--awb-border-radius-top-right:0px;--awb-border-radius-bottom-right:0px;--awb-border-radius-bottom-left:0px;--awb-padding-top:0px;--awb-padding-right:0px;--awb-padding-bottom:0px;--awb-padding-left:0px;--awb-margin-top:0px;--awb-margin-bottom:0px;--awb-flex-wrap:wrap;\" ><div class=\"fusion-builder-row fusion-row fusion-flex-align-items-stretch fusion-flex-justify-content-center fusion-flex-content-wrap\" style=\"width:calc( 100% + 0px ) !important;max-width:calc( 100% + 0px ) !important;margin-left: calc(-0px \/ 2 );margin-right: calc(-0px \/ 2 );\"><div class=\"fusion-layout-column fusion_builder_column fusion-builder-column-1 fusion_builder_column_5_6 5_6 fusion-flex-column\" style=\"--awb-padding-right:10%;--awb-padding-bottom:1%;--awb-padding-left:10%;--awb-bg-position:center center;--awb-bg-blend:overlay;--awb-bg-size:cover;--awb-width-large:83.333333333333%;--awb-margin-top-large:0px;--awb-spacing-right-large:0px;--awb-margin-bottom-large:0px;--awb-spacing-left-large:0px;--awb-width-medium:100%;--awb-order-medium:0;--awb-spacing-right-medium:0px;--awb-spacing-left-medium:0px;--awb-width-small:100%;--awb-order-small:0;--awb-spacing-right-small:0px;--awb-spacing-left-small:0px;\" data-scroll-devices=\"small-visibility,medium-visibility,large-visibility\"><div class=\"fusion-column-wrapper fusion-column-has-shadow fusion-flex-justify-content-center fusion-content-layout-column\"><div class=\"fusion-image-element \" style=\"text-align:center;--awb-liftup-border-radius:20px 20px 20px 20px;--awb-caption-title-font-family:var(--h2_typography-font-family);--awb-caption-title-font-weight:var(--h2_typography-font-weight);--awb-caption-title-font-style:var(--h2_typography-font-style);--awb-caption-title-size:var(--h2_typography-font-size);--awb-caption-title-transform:var(--h2_typography-text-transform);--awb-caption-title-line-height:var(--h2_typography-line-height);--awb-caption-title-letter-spacing:var(--h2_typography-letter-spacing);\"><div class=\"awb-image-frame awb-image-frame-1 imageframe-liftup imageframe-1\" style=\"max-width:400px;\"><span class=\" fusion-imageframe imageframe-dropshadow imageframe-1\" style=\"border-radius:20px 20px 20px 20px;-webkit-box-shadow: 5px 5px 9px var(--awb-color5);box-shadow: 5px 5px 9px var(--awb-color5);\"><img decoding=\"async\" width=\"800\" height=\"600\" alt=\"\u0130\u015f Sa\u011fl\u0131\u011f\u0131 Ve G\u00fcvenli\u011fi Politikas\u0131\" src=\"https:\/\/pinarkaro.com\/tr\/wp-content\/uploads\/sites\/3\/2024\/08\/isg.jpg\" data-orig-src=\"https:\/\/pinarkaro.com\/tr\/wp-content\/uploads\/sites\/3\/2024\/08\/isg.jpg\" class=\"lazyload img-responsive wp-image-2903\" srcset=\"data:image\/svg+xml,%3Csvg%20xmlns%3D%27http%3A%2F%2Fwww.w3.org%2F2000%2Fsvg%27%20width%3D%27800%27%20height%3D%27600%27%20viewBox%3D%270%200%20800%20600%27%3E%3Crect%20width%3D%27800%27%20height%3D%27600%27%20fill-opacity%3D%220%22%2F%3E%3C%2Fsvg%3E\" data-srcset=\"https:\/\/pinarkaro.com\/tr\/wp-content\/uploads\/sites\/3\/2024\/08\/isg-200x150.jpg 200w, https:\/\/pinarkaro.com\/tr\/wp-content\/uploads\/sites\/3\/2024\/08\/isg-400x300.jpg 400w, https:\/\/pinarkaro.com\/tr\/wp-content\/uploads\/sites\/3\/2024\/08\/isg-600x450.jpg 600w, https:\/\/pinarkaro.com\/tr\/wp-content\/uploads\/sites\/3\/2024\/08\/isg.jpg 800w\" data-sizes=\"auto\" data-orig-sizes=\"(max-width: 1024px) 100vw, (max-width: 640px) 100vw, 800px\" data-orig- title=\"\"><\/span><\/div><\/div><div class=\"fusion-testimonials clean awb-speech-bubble-show fusion-testimonials-1\" style=\"--awb-textcolor:var(--awb-color7);--awb-backgroundcolor:rgba(255,255,255,0);--awb-testimonial-border-style:solid;--awb-testimonial-border-color:var(--awb-color3);--awb-navigation-size:12px;--awb-border-top-left-radius:0px;--awb-border-top-right-radius:0px;--awb-border-bottom-left-radius:0px;--awb-border-bottom-right-radius:0px;--testimonial-border-width-top:0px;--testimonial-border-width-right:0px;--testimonial-border-width-bottom:0px;--testimonial-border-width-left:0px;\" data-random=\"0\" data-speed=\"4000\"><div class=\"reviews\"><div class=\"review active-testimonial avatar-above no-avatar\"><blockquote class=\"testimonials-shortcode-blockquote\"><div class=\"awb-quote\"><div class=\"awb-quote-content\">\n<h3>\u0130\u015f Sa\u011fl\u0131\u011f\u0131 Ve G\u00fcvenli\u011fi Politikas\u0131<\/h3>\n<p>P\u0131nar Karo Makinalar\u0131 olarak, \u00e7al\u0131\u015fanlar\u0131m\u0131z\u0131n sa\u011fl\u0131\u011f\u0131n\u0131 ve g\u00fcvenli\u011fini her \u015feyin \u00f6n\u00fcnde tutuyoruz. Bu bilin\u00e7le, i\u015f sa\u011fl\u0131\u011f\u0131 ve g\u00fcvenli\u011fi konusunda yasal mevzuat ve di\u011fer ilgili standartlar\u0131n gerekliliklerini eksiksiz yerine getirmeyi, bu alandaki performans\u0131m\u0131z\u0131 s\u00fcrekli olarak iyile\u015ftirerek standartlar\u0131n \u00f6tesinde bir ba\u015far\u0131 sergilemeyi temel ilke olarak benimsemi\u015f bulunmaktay\u0131z.<\/p>\n<p>\u0130\u015f kazalar\u0131 ve meslek hastal\u0131klar\u0131 risklerini en aza indirmek i\u00e7in, i\u015fyerimizde var olabilecek tehlikeleri sistematik olarak belirlemek, bu tehlikeleri azaltmak ve tamamen ortadan kald\u0131rmak amac\u0131yla gereken t\u00fcm \u00f6nlemleri almaktay\u0131z. Risk y\u00f6netimi s\u00fcre\u00e7lerimizi s\u00fcrekli g\u00fcncelleyerek, i\u015f sa\u011fl\u0131\u011f\u0131 ve g\u00fcvenli\u011fi alan\u0131nda \u00f6nc\u00fc bir performans sergilemeyi hedefliyoruz.<\/p>\n<p>\u00c7al\u0131\u015fanlar\u0131m\u0131z\u0131n i\u015f sa\u011fl\u0131\u011f\u0131 ve g\u00fcvenli\u011fi konusundaki fark\u0131ndal\u0131\u011f\u0131n\u0131 art\u0131rmak amac\u0131yla, d\u00fczenli e\u011fitimler ve bilin\u00e7lendirme faaliyetleri d\u00fczenlemekteyiz. Bu sayede, t\u00fcm personelimizin i\u015f sa\u011fl\u0131\u011f\u0131 ve g\u00fcvenli\u011fini ortak bir sorumluluk olarak benimsemesini sa\u011fl\u0131yoruz. E\u011fitimlerimiz, yaln\u0131zca yasal zorunluluklar\u0131 yerine getirmekle kalmay\u0131p, ayn\u0131 zamanda \u00e7al\u0131\u015fanlar\u0131m\u0131z\u0131n i\u015f yerindeki g\u00fcvenlik k\u00fclt\u00fcr\u00fcn\u00fc i\u00e7selle\u015ftirmelerine de yard\u0131mc\u0131 olacak \u015fekilde tasarlanmaktad\u0131r.<\/p>\n<p>Sa\u011fl\u0131kl\u0131 ve g\u00fcvenli bir \u00e7al\u0131\u015fma ortam\u0131 olu\u015fturman\u0131n, i\u015f yerindeki verimlili\u011fi ve \u00e7al\u0131\u015fan memnuniyetini do\u011frudan etkiledi\u011fine inan\u0131yoruz. Bu nedenle, i\u015f sa\u011fl\u0131\u011f\u0131 ve g\u00fcvenli\u011fini en \u00fcst d\u00fczeye \u00e7\u0131karacak \u00f6nlemler alarak, \u00e7al\u0131\u015fanlar\u0131m\u0131z\u0131n refah\u0131n\u0131 her zaman en \u00f6ncelikli mesele olarak ele al\u0131yoruz.<\/p>\n<p>Ayr\u0131ca, i\u015f sa\u011fl\u0131\u011f\u0131 ve g\u00fcvenli\u011fi k\u00fclt\u00fcr\u00fcn\u00fc yaln\u0131zca kendi \u00e7al\u0131\u015fanlar\u0131m\u0131zla s\u0131n\u0131rl\u0131 tutmuyoruz. Stajyerler, ziyaret\u00e7iler ve alt y\u00fcklenici firma personelinin de bu k\u00fclt\u00fcre dahil olmas\u0131n\u0131 sa\u011flayarak, i\u015f yerinde herkesin bu konudaki sorumluluklar\u0131 ve uygulamalara katk\u0131 sa\u011flamas\u0131n\u0131 te\u015fvik ediyoruz. B\u00f6ylelikle, geni\u015f kapsaml\u0131 ve g\u00fc\u00e7l\u00fc bir i\u015f sa\u011fl\u0131\u011f\u0131 ve g\u00fcvenli\u011fi k\u00fclt\u00fcr\u00fc olu\u015fturmay\u0131 ama\u00e7l\u0131yoruz.<\/p>\n<p>\u0130\u015f sa\u011fl\u0131\u011f\u0131 ve g\u00fcvenli\u011fi y\u00f6netim sistemimizin etkinli\u011fini art\u0131rmak ve s\u00fcrekli iyile\u015ftirilmesini sa\u011flamak i\u00e7in, hedeflerimizi d\u00fczenli olarak g\u00f6zden ge\u00e7iriyoruz. Bu y\u00f6netim g\u00f6zden ge\u00e7irme \u00e7al\u0131\u015fmalar\u0131, sistemimizin performans\u0131n\u0131 izlememizi ve geli\u015ftirmemizi sa\u011flamakla kalmay\u0131p, ayn\u0131 zamanda gelecekteki hedeflerimizi de belirlememize olanak tan\u0131maktad\u0131r.<\/p>\n<p>P\u0131nar Karo Makinalar\u0131 olarak, i\u015f sa\u011fl\u0131\u011f\u0131 ve g\u00fcvenli\u011fi konusundaki taahh\u00fctlerimizi yerine getirmek i\u00e7in t\u00fcm kaynaklar\u0131m\u0131z\u0131 seferber etmekte ve bu alandaki y\u00fcksek standartlar\u0131m\u0131z\u0131 korumak i\u00e7in azami gayret g\u00f6stermekteyiz.<\/p>\n<\/div><\/div><\/blockquote><div class=\"author\"><span class=\"company-name\"><\/span><\/div><\/div><\/div><\/div><\/div><\/div><\/div><\/div><\/p>\n","protected":false},"excerpt":{"rendered":"","protected":false},"author":1,"featured_media":0,"parent":0,"menu_order":0,"comment_status":"closed","ping_status":"closed","template":"100-width.php","meta":{"footnotes":""},"class_list":["post-2891","page","type-page","status-publish","hentry"],"_links":{"self":[{"href":"https:\/\/pinarkaro.com\/tr\/wp-json\/wp\/v2\/pages\/2891"}],"collection":[{"href":"https:\/\/pinarkaro.com\/tr\/wp-json\/wp\/v2\/pages"}],"about":[{"href":"https:\/\/pinarkaro.com\/tr\/wp-json\/wp\/v2\/types\/page"}],"author":[{"embeddable":true,"href":"https:\/\/pinarkaro.com\/tr\/wp-json\/wp\/v2\/users\/1"}],"replies":[{"embeddable":true,"href":"https:\/\/pinarkaro.com\/tr\/wp-json\/wp\/v2\/comments?post=2891"}],"version-history":[{"count":17,"href":"https:\/\/pinarkaro.com\/tr\/wp-json\/wp\/v2\/pages\/2891\/revisions"}],"predecessor-version":[{"id":3784,"href":"https:\/\/pinarkaro.com\/tr\/wp-json\/wp\/v2\/pages\/2891\/revisions\/3784"}],"wp:attachment":[{"href":"https:\/\/pinarkaro.com\/tr\/wp-json\/wp\/v2\/media?parent=2891"}],"curies":[{"name":"wp","href":"https:\/\/api.w.org\/{rel}","templated":true}]}}