{"id":2750,"date":"2024-08-28T16:57:44","date_gmt":"2024-08-28T13:57:44","guid":{"rendered":"https:\/\/pinarkaro.com\/tr\/?page_id=2750"},"modified":"2024-11-05T11:11:32","modified_gmt":"2024-11-05T08:11:32","slug":"kalite-ve-cevre-politikasi","status":"publish","type":"page","link":"https:\/\/pinarkaro.com\/tr\/kalite-ve-cevre-politikasi\/","title":{"rendered":"Kalite ve \u00c7evre Politikas\u0131"},"content":{"rendered":"<p><div class=\"fusion-fullwidth fullwidth-box fusion-builder-row-1 fusion-flex-container has-pattern-background has-mask-background hundred-percent-fullwidth non-hundred-percent-height-scrolling\" style=\"--awb-border-radius-top-left:0px;--awb-border-radius-top-right:0px;--awb-border-radius-bottom-right:0px;--awb-border-radius-bottom-left:0px;--awb-padding-top:0px;--awb-padding-right:0px;--awb-padding-bottom:0px;--awb-padding-left:0px;--awb-margin-top:0px;--awb-background-color:var(--awb-color7);--awb-flex-wrap:wrap;\" ><div class=\"fusion-builder-row fusion-row fusion-flex-align-items-flex-start fusion-flex-content-wrap\" style=\"width:104% !important;max-width:104% !important;margin-left: calc(-4% \/ 2 );margin-right: calc(-4% \/ 2 );\"><div class=\"fusion-layout-column fusion_builder_column fusion-builder-column-0 fusion_builder_column_1_1 1_1 fusion-flex-column\" style=\"--awb-bg-blend:overlay;--awb-bg-size:cover;--awb-width-large:100%;--awb-margin-top-large:-60px;--awb-spacing-right-large:1.92%;--awb-margin-bottom-large:40px;--awb-spacing-left-large:1.92%;--awb-width-medium:100%;--awb-order-medium:0;--awb-spacing-right-medium:1.92%;--awb-spacing-left-medium:1.92%;--awb-width-small:100%;--awb-order-small:0;--awb-spacing-right-small:1.92%;--awb-spacing-left-small:1.92%;\" data-scroll-devices=\"small-visibility,medium-visibility,large-visibility\"><div class=\"fusion-column-wrapper fusion-column-has-shadow fusion-flex-justify-content-flex-start fusion-content-layout-column\"><div class=\"fusion-section-separator section-separator rounded-split fusion-section-separator-1 rounded-split-separator\" style=\"--awb-spacer-height:71px;--awb-svg-margin-left:1.92%;--awb-svg-margin-right:1.92%;--awb-svg-margin-left-medium:1.92%;--awb-svg-margin-right-medium:1.92%;--awb-svg-margin-left-small:1.92%;--awb-svg-margin-right-small:1.92%;\"><div class=\"fusion-section-separator-svg\"><div class=\"rounded-split bottom\" style=\"background-color:var(--awb-color7);\"><\/div><\/div><div class=\"fusion-section-separator-spacer\"><div class=\"fusion-section-separator-spacer-height\"><\/div><\/div><\/div><\/div><\/div><\/div><\/div><div class=\"fusion-fullwidth fullwidth-box fusion-builder-row-2 fusion-flex-container has-pattern-background has-mask-background hundred-percent-fullwidth non-hundred-percent-height-scrolling\" style=\"--awb-border-radius-top-left:0px;--awb-border-radius-top-right:0px;--awb-border-radius-bottom-right:0px;--awb-border-radius-bottom-left:0px;--awb-padding-top:0px;--awb-padding-right:0px;--awb-padding-bottom:0px;--awb-padding-left:0px;--awb-background-color:var(--awb-color7);--awb-flex-wrap:wrap;\" ><div class=\"fusion-builder-row fusion-row fusion-flex-align-items-center fusion-flex-content-wrap\" style=\"width:calc( 100% + 0px ) !important;max-width:calc( 100% + 0px ) !important;margin-left: calc(-0px \/ 2 );margin-right: calc(-0px \/ 2 );\"><div class=\"fusion-layout-column fusion_builder_column fusion-builder-column-1 fusion_builder_column_2_3 2_3 fusion-flex-column\" style=\"--awb-padding-top:2%;--awb-padding-right:10%;--awb-padding-bottom:2%;--awb-padding-left:10%;--awb-bg-color:var(--awb-color7);--awb-bg-color-hover:var(--awb-color7);--awb-bg-position:center center;--awb-bg-blend:overlay;--awb-bg-size:cover;--awb-width-large:66.666666666667%;--awb-margin-top-large:0px;--awb-spacing-right-large:0px;--awb-margin-bottom-large:0px;--awb-spacing-left-large:0px;--awb-width-medium:100%;--awb-order-medium:0;--awb-spacing-right-medium:0px;--awb-spacing-left-medium:0px;--awb-width-small:100%;--awb-order-small:0;--awb-spacing-right-small:0px;--awb-spacing-left-small:0px;\" data-scroll-devices=\"small-visibility,medium-visibility,large-visibility\"><div class=\"fusion-column-wrapper fusion-column-has-shadow fusion-flex-justify-content-center fusion-content-layout-column\"><div class=\"fusion-testimonials clean awb-speech-bubble-show fusion-testimonials-1\" style=\"--awb-textcolor:var(--awb-color1);--awb-backgroundcolor:rgba(255,255,255,0);--awb-testimonial-border-style:solid;--awb-testimonial-border-color:var(--awb-color3);--awb-navigation-size:12px;--awb-border-top-left-radius:0px;--awb-border-top-right-radius:0px;--awb-border-bottom-left-radius:0px;--awb-border-bottom-right-radius:0px;--testimonial-border-width-top:0px;--testimonial-border-width-right:0px;--testimonial-border-width-bottom:0px;--testimonial-border-width-left:0px;\" data-random=\"0\" data-speed=\"4000\"><div class=\"reviews\"><div class=\"review active-testimonial avatar-above no-avatar\"><blockquote class=\"testimonials-shortcode-blockquote\"><div class=\"awb-quote\"><div class=\"awb-quote-content\">\n<h5><span style=\"color: #ffffff;\">KAL\u0130TE ve \u00c7EVRE POL\u0130T\u0130KASI<\/span><\/h5>\n<p>P\u0131nar Karo Makinalar\u0131 olarak, m\u00fc\u015fteri beklentilerini en \u00fcst d\u00fczeyde kar\u015f\u0131lamak ve memnuniyetlerini sa\u011flamak i\u00e7in kalite y\u00f6netim sistemimizi s\u00fcrekli olarak iyile\u015ftirmeyi ve geli\u015ftirmeyi temel bir ilke olarak benimsiyoruz. Bu do\u011frultuda, firmam\u0131z, s\u00fcre\u00e7lerimizi s\u00fcrekli g\u00f6zden ge\u00e7irerek daha verimli ve etkin hale getirmek i\u00e7in stratejik planlar olu\u015fturmay\u0131 ve bu planlar\u0131 ba\u015far\u0131yla uygulamay\u0131 taahh\u00fct etmektedir. M\u00fc\u015fteri odakl\u0131 bir yakla\u015f\u0131mla, ihtiya\u00e7 ve beklentileri a\u015fmak i\u00e7in e\u011fitimli, uzman personelimizle birlikte \u00e7al\u0131\u015farak, s\u00fcrekli iyile\u015fme sa\u011flanacak bir \u00e7al\u0131\u015fma ortam\u0131 olu\u015fturmay\u0131 hedefliyoruz.<\/p>\n<p>Kalite politikam\u0131z\u0131n yan\u0131 s\u0131ra, \u00e7evreye kar\u015f\u0131 olan sorumluluklar\u0131m\u0131z\u0131 da b\u00fcy\u00fck bir ciddiyetle ele al\u0131yoruz. \u00c7al\u0131\u015fanlar\u0131m\u0131z\u0131 \u00e7evre bilinci konusunda e\u011fitmek, \u00e7evrenin korunmas\u0131 ve iyile\u015ftirilmesi i\u00e7in gerekli ad\u0131mlar\u0131 atmak temel \u00f6nceliklerimiz aras\u0131nda yer almaktad\u0131r. Ayr\u0131ca, kirlili\u011fin \u00f6nlenmesi i\u00e7in proaktif \u00f6nlemler alarak, yasal d\u00fczenlemelere ve di\u011fer ilgili \u015fartlara tam uyum g\u00f6stermeyi kendimize g\u00f6rev biliyoruz. \u00c7evresel etkilerimizi minimize etmek amac\u0131yla s\u00fcrekli geli\u015fmeyi taahh\u00fct ediyor, bu y\u00f6nde gerekli kaynaklar\u0131 sa\u011flamaktan asla \u00f6d\u00fcn vermiyoruz.<\/p>\n<p>T\u00fcm bu politikalar \u00e7er\u00e7evesinde, P\u0131nar Karo Makinalar\u0131 olarak kalite ve \u00e7evre y\u00f6netim sistemlerimizin etkinli\u011fini s\u00fcrekli olarak art\u0131rmay\u0131, m\u00fc\u015fterilerimize ve \u00e7evreye olan sorumlulu\u011fumuzu en iyi \u015fekilde yerine getirmeyi s\u00fcrd\u00fcrece\u011fiz.<\/div><\/div><\/blockquote><div class=\"author\"><span class=\"company-name\"><\/span><\/div><\/div><\/div><\/div><\/div><\/div><div class=\"fusion-layout-column fusion_builder_column fusion-builder-column-2 fusion_builder_column_1_3 1_3 fusion-flex-column\" style=\"--awb-bg-color:var(--awb-color7);--awb-bg-color-hover:var(--awb-color7);--awb-bg-position:center center;--awb-bg-blend:overlay;--awb-bg-size:cover;--awb-width-large:33.333333333333%;--awb-margin-top-large:0px;--awb-spacing-right-large:0px;--awb-margin-bottom-large:0px;--awb-spacing-left-large:0px;--awb-width-medium:100%;--awb-order-medium:0;--awb-spacing-right-medium:0px;--awb-spacing-left-medium:0px;--awb-width-small:100%;--awb-order-small:0;--awb-spacing-right-small:0px;--awb-spacing-left-small:0px;\" data-scroll-devices=\"small-visibility,medium-visibility,large-visibility\"><div class=\"fusion-column-wrapper fusion-column-has-shadow fusion-flex-justify-content-flex-start fusion-content-layout-column\"><div class=\"fusion-image-element \" style=\"--awb-caption-title-font-family:var(--h2_typography-font-family);--awb-caption-title-font-weight:var(--h2_typography-font-weight);--awb-caption-title-font-style:var(--h2_typography-font-style);--awb-caption-title-size:var(--h2_typography-font-size);--awb-caption-title-transform:var(--h2_typography-text-transform);--awb-caption-title-line-height:var(--h2_typography-line-height);--awb-caption-title-letter-spacing:var(--h2_typography-letter-spacing);\"><span class=\" fusion-imageframe imageframe-none imageframe-1 hover-type-none\"><img decoding=\"async\" width=\"800\" height=\"600\" alt=\"Kalite ve \u00c7evre Politikas\u0131\" src=\"https:\/\/pinarkaro.com\/tr\/wp-content\/uploads\/sites\/3\/2024\/08\/KALITE-.jpg\" data-orig-src=\"https:\/\/pinarkaro.com\/tr\/wp-content\/uploads\/sites\/3\/2024\/08\/KALITE-.jpg\" class=\"lazyload img-responsive wp-image-2742\" srcset=\"data:image\/svg+xml,%3Csvg%20xmlns%3D%27http%3A%2F%2Fwww.w3.org%2F2000%2Fsvg%27%20width%3D%27800%27%20height%3D%27600%27%20viewBox%3D%270%200%20800%20600%27%3E%3Crect%20width%3D%27800%27%20height%3D%27600%27%20fill-opacity%3D%220%22%2F%3E%3C%2Fsvg%3E\" data-srcset=\"https:\/\/pinarkaro.com\/tr\/wp-content\/uploads\/sites\/3\/2024\/08\/KALITE--200x150.jpg 200w, https:\/\/pinarkaro.com\/tr\/wp-content\/uploads\/sites\/3\/2024\/08\/KALITE--400x300.jpg 400w, https:\/\/pinarkaro.com\/tr\/wp-content\/uploads\/sites\/3\/2024\/08\/KALITE--600x450.jpg 600w, https:\/\/pinarkaro.com\/tr\/wp-content\/uploads\/sites\/3\/2024\/08\/KALITE-.jpg 800w\" data-sizes=\"auto\" data-orig-sizes=\"(max-width: 1024px) 100vw, (max-width: 640px) 100vw, 600px\" data-orig- title=\"\"><\/span><\/div><\/div><\/div><\/div><\/div><\/p>\n","protected":false},"excerpt":{"rendered":"","protected":false},"author":1,"featured_media":0,"parent":0,"menu_order":0,"comment_status":"closed","ping_status":"closed","template":"100-width.php","meta":{"footnotes":""},"class_list":["post-2750","page","type-page","status-publish","hentry"],"_links":{"self":[{"href":"https:\/\/pinarkaro.com\/tr\/wp-json\/wp\/v2\/pages\/2750"}],"collection":[{"href":"https:\/\/pinarkaro.com\/tr\/wp-json\/wp\/v2\/pages"}],"about":[{"href":"https:\/\/pinarkaro.com\/tr\/wp-json\/wp\/v2\/types\/page"}],"author":[{"embeddable":true,"href":"https:\/\/pinarkaro.com\/tr\/wp-json\/wp\/v2\/users\/1"}],"replies":[{"embeddable":true,"href":"https:\/\/pinarkaro.com\/tr\/wp-json\/wp\/v2\/comments?post=2750"}],"version-history":[{"count":23,"href":"https:\/\/pinarkaro.com\/tr\/wp-json\/wp\/v2\/pages\/2750\/revisions"}],"predecessor-version":[{"id":3783,"href":"https:\/\/pinarkaro.com\/tr\/wp-json\/wp\/v2\/pages\/2750\/revisions\/3783"}],"wp:attachment":[{"href":"https:\/\/pinarkaro.com\/tr\/wp-json\/wp\/v2\/media?parent=2750"}],"curies":[{"name":"wp","href":"https:\/\/api.w.org\/{rel}","templated":true}]}}