{"id":2700,"date":"2024-08-28T15:26:11","date_gmt":"2024-08-28T12:26:11","guid":{"rendered":"https:\/\/pinarkaro.com\/tr\/?page_id=2700"},"modified":"2024-11-09T11:06:17","modified_gmt":"2024-11-09T08:06:17","slug":"teklif","status":"publish","type":"page","link":"https:\/\/pinarkaro.com\/tr\/teklif\/","title":{"rendered":"Teklif"},"content":{"rendered":"<div class=\"fusion-fullwidth fullwidth-box fusion-builder-row-1 fusion-flex-container has-pattern-background has-mask-background nonhundred-percent-fullwidth non-hundred-percent-height-scrolling\" style=\"--awb-border-radius-top-left:0px;--awb-border-radius-top-right:0px;--awb-border-radius-bottom-right:0px;--awb-border-radius-bottom-left:0px;--awb-flex-wrap:wrap;\" ><div class=\"fusion-builder-row fusion-row fusion-flex-align-items-flex-start fusion-flex-justify-content-center fusion-flex-content-wrap\" style=\"max-width:1289.6px;margin-left: calc(-4% \/ 2 );margin-right: calc(-4% \/ 2 );\"><div class=\"fusion-layout-column fusion_builder_column fusion-builder-column-0 fusion_builder_column_5_6 5_6 fusion-flex-column\" style=\"--awb-bg-size:cover;--awb-width-large:83.333333333333%;--awb-margin-top-large:0px;--awb-spacing-right-large:2.304%;--awb-margin-bottom-large:40px;--awb-spacing-left-large:2.304%;--awb-width-medium:100%;--awb-order-medium:0;--awb-spacing-right-medium:1.92%;--awb-spacing-left-medium:1.92%;--awb-width-small:100%;--awb-order-small:0;--awb-spacing-right-small:1.92%;--awb-spacing-left-small:1.92%;\"><div class=\"fusion-column-wrapper fusion-column-has-shadow fusion-flex-justify-content-flex-start fusion-content-layout-column\"><div class=\"fusion-text fusion-text-1\" style=\"--awb-content-alignment:center;\"><p>P\u0131nar Karo Makinalar\u0131 olarak ihtiya\u00e7lar\u0131n\u0131za en uygun \u00e7\u00f6z\u00fcmleri sunmak i\u00e7in buraday\u0131z. Karo makinalar\u0131m\u0131z hakk\u0131nda bilgi almak veya \u00f6zel tekliflerimizden yararlanmak i\u00e7in a\u015fa\u011f\u0131daki formu doldurabilirsiniz. Ekibimiz, taleplerinizi en k\u0131sa s\u00fcrede de\u011ferlendirecek ve size en iyi hizmeti sunmak i\u00e7in sizinle ileti\u015fime ge\u00e7ecektir.<\/p>\n<\/div><\/div><\/div><div class=\"fusion-layout-column fusion_builder_column fusion-builder-column-1 fusion_builder_column_5_6 5_6 fusion-flex-column\" style=\"--awb-overflow:hidden;--awb-bg-color:var(--awb-color1);--awb-bg-color-hover:var(--awb-color1);--awb-bg-size:cover;--awb-box-shadow:8px 5px 7px 3px var(--awb-color6);;--awb-border-radius:8px 8px 8px 8px;--awb-width-large:83.333333333333%;--awb-margin-top-large:0px;--awb-spacing-right-large:2.304%;--awb-margin-bottom-large:10px;--awb-spacing-left-large:2.304%;--awb-width-medium:100%;--awb-order-medium:0;--awb-spacing-right-medium:1.92%;--awb-spacing-left-medium:1.92%;--awb-width-small:100%;--awb-order-small:0;--awb-spacing-right-small:1.92%;--awb-spacing-left-small:1.92%;\" data-scroll-devices=\"small-visibility,medium-visibility,large-visibility\"><div class=\"fusion-column-wrapper fusion-column-has-shadow fusion-flex-justify-content-flex-start fusion-content-layout-column\"><div class=\"fusion-text fusion-text-2\"><p><iframe src=\"https:\/\/crm.pinarkaro.com\/forms\/wtl\/c5734770f95f5e22fc7c0c24143937c8\" width=\"100%\" height=\"600\" frameborder=\"0\" sandbox=\"allow-top-navigation allow-forms allow-scripts allow-same-origin allow-popups\" allowfullscreen=\"allowfullscreen\"><\/iframe><\/p>\n<\/div><\/div><\/div><\/div><\/div>\n","protected":false},"excerpt":{"rendered":"","protected":false},"author":1,"featured_media":0,"parent":0,"menu_order":0,"comment_status":"closed","ping_status":"closed","template":"","meta":{"footnotes":""},"class_list":["post-2700","page","type-page","status-publish","hentry"],"_links":{"self":[{"href":"https:\/\/pinarkaro.com\/tr\/wp-json\/wp\/v2\/pages\/2700"}],"collection":[{"href":"https:\/\/pinarkaro.com\/tr\/wp-json\/wp\/v2\/pages"}],"about":[{"href":"https:\/\/pinarkaro.com\/tr\/wp-json\/wp\/v2\/types\/page"}],"author":[{"embeddable":true,"href":"https:\/\/pinarkaro.com\/tr\/wp-json\/wp\/v2\/users\/1"}],"replies":[{"embeddable":true,"href":"https:\/\/pinarkaro.com\/tr\/wp-json\/wp\/v2\/comments?post=2700"}],"version-history":[{"count":20,"href":"https:\/\/pinarkaro.com\/tr\/wp-json\/wp\/v2\/pages\/2700\/revisions"}],"predecessor-version":[{"id":3816,"href":"https:\/\/pinarkaro.com\/tr\/wp-json\/wp\/v2\/pages\/2700\/revisions\/3816"}],"wp:attachment":[{"href":"https:\/\/pinarkaro.com\/tr\/wp-json\/wp\/v2\/media?parent=2700"}],"curies":[{"name":"wp","href":"https:\/\/api.w.org\/{rel}","templated":true}]}}